{"id":15167,"date":"2024-07-25T10:23:05","date_gmt":"2024-07-25T10:23:05","guid":{"rendered":"https:\/\/donutzdigital.com\/expertise-europeenne-en-marketing-digital-pour-les-entreprises-francaise\/"},"modified":"2025-05-30T14:18:50","modified_gmt":"2025-05-30T14:18:50","slug":"expertise-europeenne-en-marketing-digital-pour-les-entreprises-francaise","status":"publish","type":"page","link":"https:\/\/donutzdigital.com\/fr\/expertise-europeenne-en-marketing-digital-pour-les-entreprises-francaise\/","title":{"rendered":"Expertise europ\u00e9enne en marketing digital pour les entreprises Fran\u00e7aise"},"content":{"rendered":"\t\t<div data-elementor-type=\"wp-page\" data-elementor-id=\"15167\" class=\"elementor elementor-15167 elementor-11162\" data-elementor-post-type=\"page\">\n\t\t\t\t\t\t<section class=\"elementor-section elementor-top-section elementor-element elementor-element-70ac4936 elementor-section-boxed elementor-section-height-default elementor-section-height-default\" data-id=\"70ac4936\" data-element_type=\"section\" data-e-type=\"section\">\n\t\t\t\t\t\t<div class=\"elementor-container elementor-column-gap-default\">\n\t\t\t\t\t<div class=\"elementor-column elementor-col-100 elementor-top-column elementor-element elementor-element-75ea34b\" data-id=\"75ea34b\" data-element_type=\"column\" data-e-type=\"column\">\n\t\t\t<div class=\"elementor-widget-wrap\">\n\t\t\t\t\t\t\t<\/div>\n\t\t<\/div>\n\t\t\t\t\t<\/div>\n\t\t<\/section>\n\t\t\t\t<section class=\"elementor-section elementor-top-section elementor-element elementor-element-359b34f0 elementor-section-boxed elementor-section-height-default elementor-section-height-default\" data-id=\"359b34f0\" data-element_type=\"section\" data-e-type=\"section\" data-settings=\"{&quot;background_background&quot;:&quot;classic&quot;}\">\n\t\t\t\t\t\t<div class=\"elementor-container elementor-column-gap-no\">\n\t\t\t\t\t<div class=\"elementor-column elementor-col-100 elementor-top-column elementor-element elementor-element-1391398\" data-id=\"1391398\" data-element_type=\"column\" data-e-type=\"column\">\n\t\t\t<div class=\"elementor-widget-wrap elementor-element-populated\">\n\t\t\t\t\t\t<div class=\"elementor-element elementor-element-365f257 elementor-widget elementor-widget-heading\" data-id=\"365f257\" data-element_type=\"widget\" data-e-type=\"widget\" data-widget_type=\"heading.default\">\n\t\t\t\t<div class=\"elementor-widget-container\">\n\t\t\t\t\t<h1 class=\"elementor-heading-title elementor-size-default\">Expertise europ\u00e9enne en marketing digital pour les entreprises Fran\u00e7aise<\/h1>\t\t\t\t<\/div>\n\t\t\t\t<\/div>\n\t\t\t\t\t<\/div>\n\t\t<\/div>\n\t\t\t\t\t<\/div>\n\t\t<\/section>\n\t\t\t\t<section class=\"elementor-section elementor-top-section elementor-element elementor-element-77dfbcf5 elementor-section-boxed elementor-section-height-default elementor-section-height-default\" data-id=\"77dfbcf5\" data-element_type=\"section\" data-e-type=\"section\">\n\t\t\t\t\t\t<div class=\"elementor-container elementor-column-gap-default\">\n\t\t\t\t\t<div class=\"elementor-column elementor-col-100 elementor-top-column elementor-element elementor-element-28e00ca\" data-id=\"28e00ca\" data-element_type=\"column\" data-e-type=\"column\" data-settings=\"{&quot;background_background&quot;:&quot;classic&quot;}\">\n\t\t\t<div class=\"elementor-widget-wrap elementor-element-populated\">\n\t\t\t\t\t\t<div class=\"elementor-element elementor-element-22057f22 elementor-widget elementor-widget-text-editor\" data-id=\"22057f22\" data-element_type=\"widget\" data-e-type=\"widget\" data-widget_type=\"text-editor.default\">\n\t\t\t\t<div class=\"elementor-widget-container\">\n\t\t\t\t\t\t\t\t\t<figure class=\"wp-block-image aligncenter size-full is-resized\"><img loading=\"lazy\" decoding=\"async\" width=\"500\" height=\"500\" class=\"wp-image-10689 aligncenter\" style=\"width: 308px; height: auto;\" src=\"https:\/\/donutzdigital.com\/wp-content\/uploads\/2024\/04\/Donutz_-_Polyglotte_2__1_-removebg-preview.png\" alt=\"\" srcset=\"https:\/\/donutzdigital.com\/wp-content\/uploads\/2024\/04\/Donutz_-_Polyglotte_2__1_-removebg-preview.png 500w, https:\/\/donutzdigital.com\/wp-content\/uploads\/2024\/04\/Donutz_-_Polyglotte_2__1_-removebg-preview-300x300.png 300w, https:\/\/donutzdigital.com\/wp-content\/uploads\/2024\/04\/Donutz_-_Polyglotte_2__1_-removebg-preview-150x150.png 150w\" sizes=\"auto, (max-width: 500px) 100vw, 500px\" \/><\/figure><p>\u00cates-vous une entreprise Francaise cherchant \u00e0 \u00e9tendre votre port\u00e9e sur le march\u00e9 europ\u00e9en ? Notre <a href=\"https:\/\/donutzdigital.com\/fr\/agence-google-ads\/\">agence de marketing digital en Europe<\/a> offre la combinaison parfaite d&#8217;expertise internationale et de perspicacit\u00e9 locale pour vous aider \u00e0 r\u00e9ussir dans notre continent. <\/p><h2 class=\"wp-block-heading\">Pourquoi choisir notre agence europ\u00e9enne de marketing digital ?<\/h2><p> <\/p><ol><li><strong>Une expertise internationale in\u00e9gal\u00e9e :<\/strong> Notre \u00e9quipe est constitu\u00e9e exclusivement de sp\u00e9cialistes du marketing aguerris, apportant une vision mondiale unique pour garantir des strat\u00e9gies et une ex\u00e9cution exceptionnelles de vos campagnes. Avec une exp\u00e9rience \u00e9prouv\u00e9e aupr\u00e8s de g\u00e9ants tels que Google, LinkedIn et bien d&#8217;autres sur le march\u00e9 EMEA, nous vous offrons l&#8217;excellence que votre entreprise m\u00e9rite. <\/li><li><strong>Relier les continents<\/strong> : D\u00e9veloppez votre entreprise en Europe tout en g\u00e9rant vos op\u00e9rations depuis le confort de votre bureau en France. Nous g\u00e9rons les complexit\u00e9s des march\u00e9s europ\u00e9ens, vous offrant une tranquillit\u00e9 d&#8217;esprit. <\/li><li><strong>Sp\u00e9cialistes de la localisation<\/strong> : Nous sommes experts dans l&#8217;adaptation de votre message pour qu&#8217;il r\u00e9sonne aupr\u00e8s des divers publics europ\u00e9ens, en tenant compte des nuances culturelles et des pr\u00e9f\u00e9rences locales.<\/li><li><strong>Services complets de marketing digital<\/strong> :<\/li><\/ol><ul><li>Publicit\u00e9 sur les moteurs de recherche (SEA)<\/li><li>Optimisation pour les moteurs de recherche (SEO)<\/li><li>Publicit\u00e9 sur les m\u00e9dias sociaux (SMA)<\/li><\/ul><ol><li><strong>Exp\u00e9rience mondiale, perspectives locales<\/strong> : Avec des clients aux \u00c9tats-Unis, au Canada, au Royaume-Uni et en Europe, nous apportons une riche connaissance du marketing interculturel \u00e0 vos campagnes.<\/li><li><strong>Emplacements strat\u00e9giques en Europe<\/strong> : Avec des bureaux \u00e0 Paris, Dublin et en Lituanie, nous tirons parti de divers bassins de talents et optimisons les co\u00fbts op\u00e9rationnels.<\/li><li><strong>Solutions rentables<\/strong> : Nos emplacements strat\u00e9giques nous permettent d&#8217;offrir des tarifs comp\u00e9titifs sans compromettre la qualit\u00e9, souvent \u00e0 la moiti\u00e9 du co\u00fbt des agences bas\u00e9es aux \u00c9tats-Unis.<\/li><\/ol><h2 class=\"wp-block-heading\">Industries dans lesquelles nous excellons<\/h2><p>Notre expertise s&#8217;\u00e9tend \u00e0 divers secteurs, notamment :<\/p><ul><li>Mode et habillement<\/li><li>V\u00eatements de sport<\/li><li>Voyages et tourisme<\/li><li>Commerce \u00e9lectronique<\/li><li>Solutions SaaS et B2B<\/li><\/ul><p>Nous avons servi avec succ\u00e8s plus de 10 industries diff\u00e9rentes, de la beaut\u00e9 et des cosm\u00e9tiques \u00e0 l&#8217;automobile et aux transports.<\/p><h2 class=\"wp-block-heading\">Surmonter les d\u00e9fis du marketing des \u00c9tats-Unis vers l&#8217;Europe<\/h2><p>L&#8217;expansion sur les march\u00e9s europ\u00e9ens pr\u00e9sente des d\u00e9fis uniques. Nous vous aidons \u00e0 naviguer : <\/p><ul><li>Les diff\u00e9rences culturelles dans les approches marketing<\/li><li>La localisation du contenu et des campagnes<\/li><li>L&#8217;efficacit\u00e9 variable des outils marketing selon les pays<\/li><li>La gestion des fuseaux horaires pour une communication fluide<\/li><\/ul><h2 class=\"wp-block-heading\">Pourquoi les entreprises am\u00e9ricaines nous font confiance<\/h2><ol><li><strong>Avantage culturel<\/strong> : Notre compr\u00e9hension approfondie des march\u00e9s am\u00e9ricains et europ\u00e9ens permet des strat\u00e9gies de marketing interculturel efficaces.<\/li><li><strong>Commodit\u00e9 des fuseaux horaires<\/strong> : Nous alignons nos heures de travail pour assurer une collaboration fluide avec votre \u00e9quipe bas\u00e9e aux \u00c9tats-Unis.<\/li><li><strong>Bilan \u00e9prouv\u00e9<\/strong> : Nous avons aid\u00e9 de nombreuses entreprises am\u00e9ricaines \u00e0 p\u00e9n\u00e9trer avec succ\u00e8s les march\u00e9s europ\u00e9ens et \u00e0 s&#8217;y d\u00e9velopper.<\/li><li><strong>Strat\u00e9gies sur mesure<\/strong> : Que vous soyez dans la mode, la technologie ou le B2B, nous \u00e9laborons des approches marketing qui r\u00e9sonnent avec votre public cible europ\u00e9en sp\u00e9cifique.<\/li><li><strong>Excellence rentable<\/strong> : Nos emplacements europ\u00e9ens nous permettent d&#8217;offrir des services marketing de premier ordre \u00e0 des tarifs significativement inf\u00e9rieurs \u00e0 ceux des agences am\u00e9ricaines comparables.<\/li><\/ol><h2 class=\"wp-block-heading\">Maximiser votre budget marketing<\/h2><p>En choisissant notre agence, vous b\u00e9n\u00e9ficiez de :<\/p><ul><li>Services de haute qualit\u00e9 aux tarifs europ\u00e9ens<\/li><li>Acc\u00e8s \u00e0 des talents diversifi\u00e9s et multilingues dans nos bureaux de Paris, Dublin et Lituanie<\/li><li>R\u00e9duction des co\u00fbts g\u00e9n\u00e9raux par rapport aux agences bas\u00e9es aux \u00c9tats-Unis, avec des \u00e9conomies atteignant souvent 50%<\/li><li>Opportunit\u00e9s de r\u00e9investissement : allouez les ressources \u00e9conomis\u00e9es pour \u00e9tendre vos efforts marketing ou d&#8217;autres domaines de votre entreprise<\/li><\/ul><p>Pr\u00eat \u00e0 propulser votre entreprise am\u00e9ricaine vers de nouveaux sommets en Europe tout en optimisant vos d\u00e9penses marketing ? Contactez notre agence de marketing digital d\u00e8s aujourd&#8217;hui et commen\u00e7ons votre histoire de succ\u00e8s europ\u00e9en rentable ! <\/p>\t\t\t\t\t\t\t\t<\/div>\n\t\t\t\t<\/div>\n\t\t\t\t\t<\/div>\n\t\t<\/div>\n\t\t\t\t\t<\/div>\n\t\t<\/section>\n\t\t\t\t<\/div>\n\t\t","protected":false},"excerpt":{"rendered":"<p>Expertise europ\u00e9enne en marketing digital pour les entreprises Fran\u00e7aise \u00cates-vous une entreprise Francaise cherchant \u00e0 \u00e9tendre votre port\u00e9e sur le march\u00e9 europ\u00e9en ? Notre agence de marketing digital en Europe offre la combinaison parfaite d&#8217;expertise internationale et de perspicacit\u00e9 locale pour vous aider \u00e0 r\u00e9ussir dans notre continent. Pourquoi choisir notre agence europ\u00e9enne de marketing [&hellip;]<\/p>\n","protected":false},"author":3,"featured_media":11186,"parent":0,"menu_order":0,"comment_status":"closed","ping_status":"closed","template":"","meta":{"_acf_changed":false,"site-sidebar-layout":"no-sidebar","site-content-layout":"","ast-site-content-layout":"full-width-container","site-content-style":"unboxed","site-sidebar-style":"default","ast-global-header-display":"","ast-banner-title-visibility":"","ast-main-header-display":"","ast-hfb-above-header-display":"","ast-hfb-below-header-display":"","ast-hfb-mobile-header-display":"","site-post-title":"","ast-breadcrumbs-content":"","ast-featured-img":"disabled","footer-sml-layout":"","ast-disable-related-posts":"","theme-transparent-header-meta":"","adv-header-id-meta":"","stick-header-meta":"","header-above-stick-meta":"","header-main-stick-meta":"","header-below-stick-meta":"","astra-migrate-meta-layouts":"default","ast-page-background-enabled":"default","ast-page-background-meta":{"desktop":{"background-color":"var(--ast-global-color-4)","background-image":"","background-repeat":"repeat","background-position":"center center","background-size":"auto","background-attachment":"scroll","background-type":"","background-media":"","overlay-type":"","overlay-color":"","overlay-opacity":"","overlay-gradient":""},"tablet":{"background-color":"","background-image":"","background-repeat":"repeat","background-position":"center center","background-size":"auto","background-attachment":"scroll","background-type":"","background-media":"","overlay-type":"","overlay-color":"","overlay-opacity":"","overlay-gradient":""},"mobile":{"background-color":"","background-image":"","background-repeat":"repeat","background-position":"center center","background-size":"auto","background-attachment":"scroll","background-type":"","background-media":"","overlay-type":"","overlay-color":"","overlay-opacity":"","overlay-gradient":""}},"ast-content-background-meta":{"desktop":{"background-color":"var(--ast-global-color-5)","background-image":"","background-repeat":"repeat","background-position":"center center","background-size":"auto","background-attachment":"scroll","background-type":"","background-media":"","overlay-type":"","overlay-color":"","overlay-opacity":"","overlay-gradient":""},"tablet":{"background-color":"var(--ast-global-color-5)","background-image":"","background-repeat":"repeat","background-position":"center center","background-size":"auto","background-attachment":"scroll","background-type":"","background-media":"","overlay-type":"","overlay-color":"","overlay-opacity":"","overlay-gradient":""},"mobile":{"background-color":"var(--ast-global-color-5)","background-image":"","background-repeat":"repeat","background-position":"center center","background-size":"auto","background-attachment":"scroll","background-type":"","background-media":"","overlay-type":"","overlay-color":"","overlay-opacity":"","overlay-gradient":""}},"footnotes":""},"folder":[],"class_list":["post-15167","page","type-page","status-publish","has-post-thumbnail","hentry"],"acf":[],"_links":{"self":[{"href":"https:\/\/donutzdigital.com\/fr\/wp-json\/wp\/v2\/pages\/15167","targetHints":{"allow":["GET"]}}],"collection":[{"href":"https:\/\/donutzdigital.com\/fr\/wp-json\/wp\/v2\/pages"}],"about":[{"href":"https:\/\/donutzdigital.com\/fr\/wp-json\/wp\/v2\/types\/page"}],"author":[{"embeddable":true,"href":"https:\/\/donutzdigital.com\/fr\/wp-json\/wp\/v2\/users\/3"}],"replies":[{"embeddable":true,"href":"https:\/\/donutzdigital.com\/fr\/wp-json\/wp\/v2\/comments?post=15167"}],"version-history":[{"count":2,"href":"https:\/\/donutzdigital.com\/fr\/wp-json\/wp\/v2\/pages\/15167\/revisions"}],"predecessor-version":[{"id":15170,"href":"https:\/\/donutzdigital.com\/fr\/wp-json\/wp\/v2\/pages\/15167\/revisions\/15170"}],"wp:featuredmedia":[{"embeddable":true,"href":"https:\/\/donutzdigital.com\/fr\/wp-json\/wp\/v2\/media\/11186"}],"wp:attachment":[{"href":"https:\/\/donutzdigital.com\/fr\/wp-json\/wp\/v2\/media?parent=15167"}],"wp:term":[{"taxonomy":"folder","embeddable":true,"href":"https:\/\/donutzdigital.com\/fr\/wp-json\/wp\/v2\/folder?post=15167"}],"curies":[{"name":"wp","href":"https:\/\/api.w.org\/{rel}","templated":true}]}}