{"id":15158,"date":"2024-07-25T21:16:50","date_gmt":"2024-07-25T21:16:50","guid":{"rendered":"https:\/\/donutzdigital.com\/services-dagence-de-marketing-francaise-en-france\/"},"modified":"2025-05-30T14:18:50","modified_gmt":"2025-05-30T14:18:50","slug":"services-dagence-de-marketing-francaise-en-france","status":"publish","type":"page","link":"https:\/\/donutzdigital.com\/fr\/services-dagence-de-marketing-francaise-en-france\/","title":{"rendered":"Services d&#8217;agence de marketing fran\u00e7aise en France"},"content":{"rendered":"\t\t<div data-elementor-type=\"wp-page\" data-elementor-id=\"15158\" class=\"elementor elementor-15158 elementor-11212\" data-elementor-post-type=\"page\">\n\t\t\t\t\t\t<section class=\"elementor-section elementor-top-section elementor-element elementor-element-70ac4936 elementor-section-boxed elementor-section-height-default elementor-section-height-default\" data-id=\"70ac4936\" data-element_type=\"section\" data-e-type=\"section\">\n\t\t\t\t\t\t<div class=\"elementor-container elementor-column-gap-default\">\n\t\t\t\t\t<div class=\"elementor-column elementor-col-100 elementor-top-column elementor-element elementor-element-75ea34b\" data-id=\"75ea34b\" data-element_type=\"column\" data-e-type=\"column\">\n\t\t\t<div class=\"elementor-widget-wrap\">\n\t\t\t\t\t\t\t<\/div>\n\t\t<\/div>\n\t\t\t\t\t<\/div>\n\t\t<\/section>\n\t\t\t\t<section class=\"elementor-section elementor-top-section elementor-element elementor-element-359b34f0 elementor-section-boxed elementor-section-height-default elementor-section-height-default\" data-id=\"359b34f0\" data-element_type=\"section\" data-e-type=\"section\" data-settings=\"{&quot;background_background&quot;:&quot;classic&quot;}\">\n\t\t\t\t\t\t<div class=\"elementor-container elementor-column-gap-no\">\n\t\t\t\t\t<div class=\"elementor-column elementor-col-100 elementor-top-column elementor-element elementor-element-1391398\" data-id=\"1391398\" data-element_type=\"column\" data-e-type=\"column\">\n\t\t\t<div class=\"elementor-widget-wrap elementor-element-populated\">\n\t\t\t\t\t\t<div class=\"elementor-element elementor-element-365f257 elementor-widget elementor-widget-heading\" data-id=\"365f257\" data-element_type=\"widget\" data-e-type=\"widget\" data-widget_type=\"heading.default\">\n\t\t\t\t<div class=\"elementor-widget-container\">\n\t\t\t\t\t<h1 class=\"elementor-heading-title elementor-size-default\">Agence de marketing digital fran\u00e7aise<\/h1>\t\t\t\t<\/div>\n\t\t\t\t<\/div>\n\t\t\t\t<div class=\"elementor-element elementor-element-a5c61da elementor-widget__width-initial elementor-widget elementor-widget-text-editor\" data-id=\"a5c61da\" data-element_type=\"widget\" data-e-type=\"widget\" data-widget_type=\"text-editor.default\">\n\t\t\t\t<div class=\"elementor-widget-container\">\n\t\t\t\t\t\t\t\t\t<p style=\"margin: 0;\">\u00cates-vous pr\u00eat \u00e0 conqu\u00e9rir le march\u00e9 fran\u00e7ais et \u00e0 faire des vagues \u00e0 travers l&#8217;<a href=\"https:\/\/donutzdigital.com\/fr\/expertise-europeenne-en-marketing-digital-pour-les-entreprises-francaise\/\">Europe<\/a> ? Ne cherchez pas plus loin. Choisissez Donutz Digital comme votre <strong>Agence de Marketing digital fran\u00e7aise<\/strong>. Nous sommes votre partenaire incontournable pour un succ\u00e8s in\u00e9gal\u00e9 !  <\/p>\t\t\t\t\t\t\t\t<\/div>\n\t\t\t\t<\/div>\n\t\t\t\t\t<\/div>\n\t\t<\/div>\n\t\t\t\t\t<\/div>\n\t\t<\/section>\n\t\t\t\t<section class=\"elementor-section elementor-top-section elementor-element elementor-element-77dfbcf5 elementor-section-boxed elementor-section-height-default elementor-section-height-default\" data-id=\"77dfbcf5\" data-element_type=\"section\" data-e-type=\"section\">\n\t\t\t\t\t\t<div class=\"elementor-container elementor-column-gap-default\">\n\t\t\t\t\t<div class=\"elementor-column elementor-col-100 elementor-top-column elementor-element elementor-element-28e00ca\" data-id=\"28e00ca\" data-element_type=\"column\" data-e-type=\"column\" data-settings=\"{&quot;background_background&quot;:&quot;classic&quot;}\">\n\t\t\t<div class=\"elementor-widget-wrap elementor-element-populated\">\n\t\t\t\t\t\t<div class=\"elementor-element elementor-element-22057f22 elementor-widget elementor-widget-text-editor\" data-id=\"22057f22\" data-element_type=\"widget\" data-e-type=\"widget\" data-widget_type=\"text-editor.default\">\n\t\t\t\t<div class=\"elementor-widget-container\">\n\t\t\t\t\t\t\t\t\t<figure><\/figure><h2><span style=\"color: var(--ast-global-color-2); font-size: 2rem; font-weight: var( --e-global-typography-primary-font-weight ); background-color: var( --e-global-color-astglobalcolor5 );\">Votre passerelle vers le march\u00e9 fran\u00e7ais et europ\u00e9en<\/span><\/h2><p>Nous offrons une expertise en marketing digital, une \u00e9quipe de locuteurs natifs fran\u00e7ais, une connaissance approfondie du march\u00e9 local et un engagement in\u00e9branlable envers le succ\u00e8s de nos clients. Examinons en d\u00e9tail ce qui fait de Donutz Digital un choix exceptionnel pour les entreprises cherchant \u00e0 prosp\u00e9rer en France. <\/p><p> <\/p><h2><img loading=\"lazy\" decoding=\"async\" class=\"aligncenter wp-image-13677\" src=\"https:\/\/donutzdigital.com\/wp-content\/uploads\/2025\/03\/Donutz-traveling-and-discovering-the-world-no-bg.png\" alt=\"\" width=\"333\" height=\"500\" srcset=\"https:\/\/donutzdigital.com\/wp-content\/uploads\/2025\/03\/Donutz-traveling-and-discovering-the-world-no-bg.png 408w, https:\/\/donutzdigital.com\/wp-content\/uploads\/2025\/03\/Donutz-traveling-and-discovering-the-world-no-bg-200x300.png 200w\" sizes=\"auto, (max-width: 333px) 100vw, 333px\" \/><\/h2><h2> <\/h2><h2>Expertise en marketing digital fran\u00e7ais : nos services complets<\/h2><p>La r\u00e9putation de Donutz Digital en tant qu&#8217;Agence digitale fran\u00e7aise de premier plan repose sur notre vaste expertise en marketing digital. Nous proposons une gamme compl\u00e8te de services, incluant SEO, la publicit\u00e9 et le marketing digital, sp\u00e9cifiquement adapt\u00e9s aux entreprises visant \u00e0 laisser leur empreinte en France. Notre approche est holistique, garantissant que chaque aspect de votre pr\u00e9sence en ligne soit optimis\u00e9 pour une visibilit\u00e9 et un engagement maximaux.  <\/p><h3>Excellence en SEO<\/h3><p>L&#8217;optimisation pour les moteurs de recherche (SEO) est une pierre angulaire de notre strat\u00e9gie de marketing digital. Nous employons les techniques les plus r\u00e9centes pour garantir que votre site web se classe en haut des moteurs de recherche, facilitant ainsi sa d\u00e9couverte par les clients potentiels. Cela inclut la recherche de mots-cl\u00e9s, l&#8217;optimisation sur page, la cr\u00e9ation de liens et le suivi continu des performances.  <\/p><h3>Campagnes publicitaires cibl\u00e9es<\/h3><p>Nous excellons dans la cr\u00e9ation de campagnes publicitaires cibl\u00e9es qui atteignent le bon public. Qu&#8217;il s&#8217;agisse de Google Ads, de publicit\u00e9 sur les r\u00e9seaux sociaux ou d&#8217;annonces display, nos campagnes sont con\u00e7ues pour g\u00e9n\u00e9rer du trafic et des prospects. En comprenant les pr\u00e9f\u00e9rences et les comportements du public fran\u00e7ais, nous cr\u00e9ons des annonces qui non seulement captent l&#8217;attention mais convertissent \u00e9galement.  <\/p><h3>Marketing digital complet<\/h3><p>Du marketing de contenu aux campagnes par courriel, nous couvrons tous les domaines. Nos strat\u00e9gies de marketing digital sont bas\u00e9es sur les donn\u00e9es et adapt\u00e9es pour r\u00e9pondre aux besoins uniques de chaque client. En int\u00e9grant divers canaux digitaux, nous cr\u00e9ons une strat\u00e9gie coh\u00e9rente qui renforce la pr\u00e9sence en ligne de votre marque et stimule la croissance.  <\/p><h2>Agence num\u00e9rique fran\u00e7aise native : communication authentique et perspicacit\u00e9 culturelle<\/h2><div> <\/div><div><img loading=\"lazy\" decoding=\"async\" src=\"https:\/\/donutzdigital.com\/wp-content\/uploads\/2024\/04\/Team-Donutz-Xmas-Party-1-1024x442.jpg\" alt=\"Photo de l'\u00e9quipe de l'Agence de Marketing digital Donutz Digital lors d'un \u00e9v\u00e9nement de No\u00ebl\" width=\"1024\" height=\"442\"><br><span style=\"background-color: var( --e-global-color-astglobalcolor5 ); font-style: inherit; font-weight: inherit; letter-spacing: var( --e-global-typography-primary-letter-spacing ); word-spacing: var( --e-global-typography-primary-word-spacing );\"><br><\/span><span style=\"background-color: var( --e-global-color-astglobalcolor5 ); font-style: inherit; font-weight: inherit; letter-spacing: var( --e-global-typography-primary-letter-spacing ); word-spacing: var( --e-global-typography-primary-word-spacing );\">L&#8217;un des principaux avantages de travailler avec Donutz Digital est notre \u00e9quipe de locuteurs natifs fran\u00e7ais. Ceci est crucial pour plusieurs raisons : <\/span><\/div><div><span style=\"background-color: var( --e-global-color-astglobalcolor5 ); font-style: inherit; font-weight: inherit; letter-spacing: var( --e-global-typography-primary-letter-spacing ); word-spacing: var( --e-global-typography-primary-word-spacing );\"> <\/span><\/div><h3>Compr\u00e9hension nuanc\u00e9e de la langue<\/h3><p>La langue fran\u00e7aise est riche et complexe, avec de nombreuses nuances que seuls les locuteurs natifs saisissent pleinement. Notre \u00e9quipe s&#8217;assure que vos messages marketing sont non seulement pr\u00e9cis, mais r\u00e9sonnent \u00e9galement aupr\u00e8s du public fran\u00e7ais. Cela inclut tout, du contenu du site web aux publications sur les r\u00e9seaux sociaux, en passant par les publicit\u00e9s et les campagnes par courriel.  <\/p><h3>Pertinence culturelle<\/h3><p>Un marketing efficace va au-del\u00e0 de la langue ; il n\u00e9cessite une compr\u00e9hension profonde des normes et des valeurs culturelles. Nos locuteurs natifs fran\u00e7ais apportent cette perspicacit\u00e9 culturelle, aidant \u00e0 cr\u00e9er des strat\u00e9gies marketing qui se connectent v\u00e9ritablement avec le public cible. Nous savons ce qui pla\u00eet aux consommateurs fran\u00e7ais et comment pr\u00e9senter votre marque d&#8217;une mani\u00e8re qui s&#8217;aligne avec les go\u00fbts et les pr\u00e9f\u00e9rences locaux.  <\/p><h2>Connaissance du march\u00e9 local : naviguer dans le paysage digital fran\u00e7ais<\/h2><p>\u00catre bas\u00e9 en France nous donne un avantage significatif en ce qui concerne la compr\u00e9hension du march\u00e9 local. Cette connaissance du march\u00e9 local est inestimable pour plusieurs raisons : <\/p><h3>Aper\u00e7us des tendances du march\u00e9<\/h3><p>Le paysage digital en France \u00e9volue constamment, avec de nouvelles tendances \u00e9mergeant r\u00e9guli\u00e8rement. Nous restons au fait de ces tendances, garantissant que vos strat\u00e9gies marketing sont toujours actuelles et efficaces. Nous comprenons ce qui fonctionne sur le march\u00e9 fran\u00e7ais et pouvons rapidement nous adapter aux changements, gardant votre entreprise en avance sur la concurrence.  <\/p><h3>Analyse de la concurrence<\/h3><p>Comprendre la concurrence est crucial pour le succ\u00e8s. Nous effectuons une analyse approfondie de la concurrence pour identifier ce que font les autres entreprises de votre secteur. Cela nous permet d&#8217;\u00e9laborer des strat\u00e9gies qui non seulement rivalisent mais surpassent vos concurrents.  <\/p><h3>Conformit\u00e9 R\u00e9glementaire<\/h3><p>Le march\u00e9 fran\u00e7ais a son propre ensemble de r\u00e9glementations et d&#8217;exigences de conformit\u00e9. Notre expertise locale garantit que vos efforts marketing sont toujours en conformit\u00e9 avec ces r\u00e9glementations, \u00e9vitant tout probl\u00e8me juridique potentiel et assurant un fonctionnement sans heurts. <\/p><h2>Engagement envers le succ\u00e8s des clients : solutions personnalis\u00e9es pour des r\u00e9sultats optimaux<\/h2><p>Au c\u0153ur de la philosophie de Donutz Digital se trouve un engagement envers le succ\u00e8s des clients. Nous sommes fiers de fournir des services exceptionnels qui sont personnalis\u00e9s pour r\u00e9pondre aux besoins uniques de chaque client. Voici comment nous proc\u00e9dons :  <\/p><h3>Approche personnalis\u00e9e<\/h3><p>Nous comprenons qu&#8217;aucune entreprise n&#8217;est identique \u00e0 une autre. Nous prenons le temps de conna\u00eetre votre marque, vos objectifs et vos d\u00e9fis. Cette approche personnalis\u00e9e nous permet d&#8217;\u00e9laborer des strat\u00e9gies marketing sp\u00e9cifiquement adapt\u00e9es \u00e0 vos besoins, garantissant ainsi des r\u00e9sultats optimaux.  <\/p><h3>Soutien et am\u00e9lioration continus<\/h3><p>Le paysage du marketing digital est dynamique, et ce qui fonctionne aujourd&#8217;hui pourrait ne plus \u00eatre efficace demain. Nous fournissons un soutien continu pour garantir que vos strat\u00e9gies marketing demeurent efficaces. Nous surveillons les performances, analysons les donn\u00e9es et effectuons les ajustements n\u00e9cessaires pour maintenir vos campagnes sur la bonne voie et produire des r\u00e9sultats.  <\/p><h3>Communication transparente<\/h3><p>Une collaboration efficace n\u00e9cessite une communication claire et transparente. Nous vous tenons inform\u00e9 \u00e0 chaque \u00e9tape du processus, en fournissant des mises \u00e0 jour r\u00e9guli\u00e8res et des rapports sur les performances des campagnes. Nous accordons de la valeur \u00e0 votre contribution et travaillons en \u00e9troite collaboration avec vous pour atteindre vos objectifs commerciaux.  <\/p><h2>Prenez une plus grande part du march\u00e9 fran\u00e7ais<\/h2><div><span style=\"font-style: inherit; font-weight: inherit; background-color: var( --e-global-color-astglobalcolor5 ); letter-spacing: var( --e-global-typography-primary-letter-spacing ); word-spacing: var( --e-global-typography-primary-word-spacing );\">Le choix de la bonne agence de marketing est crucial pour toute entreprise cherchant \u00e0 r\u00e9ussir sur un march\u00e9 \u00e9tranger. Avec Donutz Digital, vous obtenez un partenaire qui non seulement comprend les subtilit\u00e9s du march\u00e9 fran\u00e7ais, mais poss\u00e8de \u00e9galement l&#8217;expertise et l&#8217;engagement n\u00e9cessaires pour vous aider \u00e0 prosp\u00e9rer. Nos services complets de marketing digital, notre \u00e9quipe de locuteurs natifs fran\u00e7ais, notre connaissance approfondie du march\u00e9 local et notre d\u00e9vouement \u00e0 la r\u00e9ussite des clients font de nous le choix id\u00e9al pour les entreprises souhaitant \u00e9tablir une pr\u00e9sence solide en France.  <\/span><\/div><div><span style=\"font-style: inherit; font-weight: inherit; background-color: var( --e-global-color-astglobalcolor5 ); letter-spacing: var( --e-global-typography-primary-letter-spacing ); word-spacing: var( --e-global-typography-primary-word-spacing );\"> <\/span><\/div><div><span style=\"font-style: inherit; font-weight: inherit; background-color: var( --e-global-color-astglobalcolor5 ); letter-spacing: var( --e-global-typography-primary-letter-spacing ); word-spacing: var( --e-global-typography-primary-word-spacing );\"> <\/span><\/div><h2>FAQs<\/h2><p><b>Quels services Donutz Digital propose-t-elle ?<\/b> <span style=\"font-style: inherit; font-weight: inherit; background-color: var( --e-global-color-astglobalcolor5 ); letter-spacing: var( --e-global-typography-primary-letter-spacing ); word-spacing: var( --e-global-typography-primary-word-spacing );\">Donutz Digital offre une gamme compl\u00e8te de services de marketing digital, y compris SEO, la publicit\u00e9, le marketing de contenu et les campagnes par courrier \u00e9lectronique.<\/span><\/p><p><b>Pourquoi est-il important d&#8217;avoir des locuteurs natifs fran\u00e7ais dans l&#8217;\u00e9quipe ?<\/b> Les locuteurs natifs fran\u00e7ais comprennent les nuances de la langue et de la culture, garantissant ainsi que les messages marketing sont pr\u00e9cis et r\u00e9sonnent avec le public cible.<\/p><p><b>Comment Donutz Digital reste-t-elle \u00e0 jour sur les tendances du march\u00e9 local ?<\/b> \u00c9tant bas\u00e9e en France, Donutz Digital a un acc\u00e8s direct aux tendances du march\u00e9 et m\u00e8ne des recherches continues pour rester \u00e0 jour.<\/p><p><b>Qu&#8217;est-ce qui distingue Donutz Digital des autres agences de marketing ?<\/b> Donutz Digital combine une expertise en marketing digital avec une connaissance du march\u00e9 local et une approche personnalis\u00e9e pour offrir des solutions sur mesure \u00e0 chaque client.<\/p><p><b>Comment Donutz Digital assure-t-elle la conformit\u00e9 aux r\u00e9glementations fran\u00e7aises ?<\/b> L&#8217;expertise locale de Donutz Digital inclut une compr\u00e9hension des r\u00e9glementations fran\u00e7aises, garantissant que tous les efforts marketing sont conformes et juridiquement solides.<\/p><p><b>Comment Donutz Digital mesure-t-elle le succ\u00e8s de ses campagnes ?<\/b> Donutz Digital utilise des m\u00e9triques bas\u00e9es sur les donn\u00e9es pour surveiller et analyser les performances des campagnes, effectuant les ajustements n\u00e9cessaires pour assurer des r\u00e9sultats optimaux.<\/p>\t\t\t\t\t\t\t\t<\/div>\n\t\t\t\t<\/div>\n\t\t\t\t\t<\/div>\n\t\t<\/div>\n\t\t\t\t\t<\/div>\n\t\t<\/section>\n\t\t\t\t<\/div>\n\t\t","protected":false},"excerpt":{"rendered":"<p>Agence de marketing digital fran\u00e7aise \u00cates-vous pr\u00eat \u00e0 conqu\u00e9rir le march\u00e9 fran\u00e7ais et \u00e0 faire des vagues \u00e0 travers l&#8217;Europe ? Ne cherchez pas plus loin. Choisissez Donutz Digital comme votre Agence de Marketing digital fran\u00e7aise. Nous sommes votre partenaire incontournable pour un succ\u00e8s in\u00e9gal\u00e9 ! Votre passerelle vers le march\u00e9 fran\u00e7ais et europ\u00e9en Nous [&hellip;]<\/p>\n","protected":false},"author":3,"featured_media":11186,"parent":0,"menu_order":0,"comment_status":"closed","ping_status":"closed","template":"","meta":{"_acf_changed":false,"site-sidebar-layout":"default","site-content-layout":"","ast-site-content-layout":"full-width-container","site-content-style":"unboxed","site-sidebar-style":"default","ast-global-header-display":"","ast-banner-title-visibility":"","ast-main-header-display":"","ast-hfb-above-header-display":"","ast-hfb-below-header-display":"","ast-hfb-mobile-header-display":"","site-post-title":"","ast-breadcrumbs-content":"","ast-featured-img":"","footer-sml-layout":"","ast-disable-related-posts":"","theme-transparent-header-meta":"","adv-header-id-meta":"","stick-header-meta":"","header-above-stick-meta":"","header-main-stick-meta":"","header-below-stick-meta":"","astra-migrate-meta-layouts":"default","ast-page-background-enabled":"default","ast-page-background-meta":{"desktop":{"background-color":"var(--ast-global-color-4)","background-image":"","background-repeat":"repeat","background-position":"center center","background-size":"auto","background-attachment":"scroll","background-type":"","background-media":"","overlay-type":"","overlay-color":"","overlay-opacity":"","overlay-gradient":""},"tablet":{"background-color":"","background-image":"","background-repeat":"repeat","background-position":"center center","background-size":"auto","background-attachment":"scroll","background-type":"","background-media":"","overlay-type":"","overlay-color":"","overlay-opacity":"","overlay-gradient":""},"mobile":{"background-color":"","background-image":"","background-repeat":"repeat","background-position":"center center","background-size":"auto","background-attachment":"scroll","background-type":"","background-media":"","overlay-type":"","overlay-color":"","overlay-opacity":"","overlay-gradient":""}},"ast-content-background-meta":{"desktop":{"background-color":"var(--ast-global-color-5)","background-image":"","background-repeat":"repeat","background-position":"center center","background-size":"auto","background-attachment":"scroll","background-type":"","background-media":"","overlay-type":"","overlay-color":"","overlay-opacity":"","overlay-gradient":""},"tablet":{"background-color":"var(--ast-global-color-5)","background-image":"","background-repeat":"repeat","background-position":"center center","background-size":"auto","background-attachment":"scroll","background-type":"","background-media":"","overlay-type":"","overlay-color":"","overlay-opacity":"","overlay-gradient":""},"mobile":{"background-color":"var(--ast-global-color-5)","background-image":"","background-repeat":"repeat","background-position":"center center","background-size":"auto","background-attachment":"scroll","background-type":"","background-media":"","overlay-type":"","overlay-color":"","overlay-opacity":"","overlay-gradient":""}},"footnotes":""},"folder":[],"class_list":["post-15158","page","type-page","status-publish","has-post-thumbnail","hentry"],"acf":[],"_links":{"self":[{"href":"https:\/\/donutzdigital.com\/fr\/wp-json\/wp\/v2\/pages\/15158","targetHints":{"allow":["GET"]}}],"collection":[{"href":"https:\/\/donutzdigital.com\/fr\/wp-json\/wp\/v2\/pages"}],"about":[{"href":"https:\/\/donutzdigital.com\/fr\/wp-json\/wp\/v2\/types\/page"}],"author":[{"embeddable":true,"href":"https:\/\/donutzdigital.com\/fr\/wp-json\/wp\/v2\/users\/3"}],"replies":[{"embeddable":true,"href":"https:\/\/donutzdigital.com\/fr\/wp-json\/wp\/v2\/comments?post=15158"}],"version-history":[{"count":3,"href":"https:\/\/donutzdigital.com\/fr\/wp-json\/wp\/v2\/pages\/15158\/revisions"}],"predecessor-version":[{"id":15172,"href":"https:\/\/donutzdigital.com\/fr\/wp-json\/wp\/v2\/pages\/15158\/revisions\/15172"}],"wp:featuredmedia":[{"embeddable":true,"href":"https:\/\/donutzdigital.com\/fr\/wp-json\/wp\/v2\/media\/11186"}],"wp:attachment":[{"href":"https:\/\/donutzdigital.com\/fr\/wp-json\/wp\/v2\/media?parent=15158"}],"wp:term":[{"taxonomy":"folder","embeddable":true,"href":"https:\/\/donutzdigital.com\/fr\/wp-json\/wp\/v2\/folder?post=15158"}],"curies":[{"name":"wp","href":"https:\/\/api.w.org\/{rel}","templated":true}]}}